{"id":295,"date":"2020-11-10T04:25:42","date_gmt":"2020-11-10T04:25:42","guid":{"rendered":"http:\/\/localhost:8888\/phanvietphat\/?page_id=295"},"modified":"2023-04-04T08:18:38","modified_gmt":"2023-04-04T01:18:38","slug":"lien-he","status":"publish","type":"page","link":"https:\/\/teambuildingdanang.com\/en\/lien-he","title":{"rendered":"Li\u00ean h\u1ec7"},"content":{"rendered":"\n\t<section class=\"section pb-0\" id=\"section_1693023428\">\n\t\t<div class=\"section-bg fill\" >\n\t\t\t<img loading=\"lazy\" decoding=\"async\" width=\"1436\" height=\"2312\" src=\"https:\/\/teambuildingdanang.com\/en\/wp-content\/uploads\/2023\/02\/image_2023-02-27_091408868.png\" class=\"bg attachment- size-\" alt=\"\" \/>\t\t\t\t\t\t<div class=\"section-bg-overlay absolute fill\"><\/div>\n\t\t\t\n\n\t\t<\/div>\n\n\t\t\n\n\t\t<div class=\"section-content relative\">\n\t\t\t\n<div class=\"row\"  id=\"row-409466266\">\n\n\t<div id=\"col-1620493858\" class=\"col small-12 large-12\"  >\n\t\t\t\t<div class=\"col-inner\" style=\"background-color:rgba(255, 255, 255, 0.552);\" >\n\t\t\t\n\t\t\t\n<div class=\"row\"  id=\"row-1569196741\">\n\n\t<div id=\"col-564420338\" class=\"col medium-8 small-12 large-8\"  >\n\t\t\t\t<div class=\"col-inner\"  >\n\t\t\t\n\t\t\t\n\t<div id=\"text-3575110148\" class=\"text\">\n\t\t\n<div class=\"contact-info f-space05\">\n<h2><span style=\"color: #0f4a69;\">LI\u00caN H\u1ec6 V\u1edaI CH\u00daNG T\u00d4I<\/span><\/h2>\n<p>V\u1edbi s\u1ef1 nhi\u1ec7t t\u00ecnh, s\u00e1ng t\u1ea1o v\u00e0 phong c\u00e1ch l\u00e0m vi\u1ec7c chuy\u00ean nghi\u1ec7p, ch\u00fang t\u00f4i t\u1ef1 tin s\u1ebd l\u00e0m th\u1ecfa m\u00e3n m\u1ecdi nhu c\u1ea7u c\u1ee7a Qu\u00fd Kh\u00e1ch h\u00e0ng.<\/p>\n<p><i class=\"fas fa-map-marker-alt\"><\/i> <strong>110 \u0110\u01b0\u1eddng 3\/2, Q. H\u1ea3i Ch\u00e2u, Tp \u0110\u00e0 N\u1eb5ng<\/strong><br \/><strong><i class=\"fas fa-phone-office\"><\/i>Tel: 0236 3898 626 &#8211; Fax 0236 3898 627<\/strong><br \/><strong><img decoding=\"async\" style=\"float: left;\" src=\"\/uploads\/images\/icon\/797EA9C6-8C38-479B-95C4-5D5266DF8FA1%401x.png\" alt=\"\" \/><i class=\"fas fa-phone-alt\"><\/i>Hotline:\u00a0+84 969 154 405 (Mr. Di\u1ec7u)<\/strong><br \/><strong><i class=\"fas fa-envelope\"><\/i>Dieu.htv@huyenthoaiviet.com<\/strong><\/p>\n<\/div>\n\t\t\n<style>\n#text-3575110148 {\n  font-size: 0.9rem;\n  color: rgb(15, 74, 105);\n}\n#text-3575110148 > * {\n  color: rgb(15, 74, 105);\n}\n@media (min-width:550px) {\n  #text-3575110148 {\n    font-size: 1rem;\n  }\n}\n<\/style>\n\t<\/div>\n\t\n\t<div class=\"box has-hover   has-hover box-vertical box-text-top\" >\n\n\t\t<div class=\"box-image\" style=\"width:21%;\">\n\t\t\t\t\t\t<div class=\"\" >\n\t\t\t\t<img loading=\"lazy\" decoding=\"async\" width=\"2672\" height=\"3313\" src=\"https:\/\/teambuildingdanang.com\/en\/wp-content\/uploads\/2023\/02\/image_2023-02-27_131643883.png\" class=\"attachment- size-\" alt=\"\" srcset=\"https:\/\/teambuildingdanang.com\/en\/wp-content\/uploads\/2023\/02\/image_2023-02-27_131643883.png 2672w, https:\/\/teambuildingdanang.com\/en\/wp-content\/uploads\/2023\/02\/image_2023-02-27_131643883-323x400.png 323w, https:\/\/teambuildingdanang.com\/en\/wp-content\/uploads\/2023\/02\/image_2023-02-27_131643883-645x800.png 645w, https:\/\/teambuildingdanang.com\/en\/wp-content\/uploads\/2023\/02\/image_2023-02-27_131643883-768x952.png 768w, https:\/\/teambuildingdanang.com\/en\/wp-content\/uploads\/2023\/02\/image_2023-02-27_131643883-1239x1536.png 1239w, https:\/\/teambuildingdanang.com\/en\/wp-content\/uploads\/2023\/02\/image_2023-02-27_131643883-1652x2048.png 1652w, https:\/\/teambuildingdanang.com\/en\/wp-content\/uploads\/2023\/02\/image_2023-02-27_131643883-600x744.png 600w\" sizes=\"auto, (max-width: 2672px) 100vw, 2672px\" \/>\t\t\t\t\t\t\t\t\t\t\t<\/div>\n\t\t\t\t\t<\/div>\n\n\t\t<div class=\"box-text text-left\" >\n\t\t\t<div class=\"box-text-inner\">\n\t\t\t\t\n\t<div id=\"text-2143882886\" class=\"text\">\n\t\t\n<h3>TEAMBUILDING MANAGER : Mr. QUANG DI\u1ec6U<\/h3>\n<p>Email: Dieu.htv@huyenthoaiviet.com<\/p>\n<p>Phone: +84 969 154 405 (Mr. Di\u1ec7u)<\/p>\n<p>https:\/\/www.facebook.com\/quang.dieu.16<\/p>\n\t\t\n<style>\n#text-2143882886 {\n  line-height: 1.8;\n  text-align: left;\n  color: rgb(15, 74, 105);\n}\n#text-2143882886 > * {\n  color: rgb(15, 74, 105);\n}\n<\/style>\n\t<\/div>\n\t\n\t\t\t<\/div>\n\t\t<\/div>\n\t<\/div>\n\t\n\t\t<\/div>\n\t\t\t\t\t<\/div>\n\n\t\n\n\t<div id=\"col-1684188625\" class=\"col medium-4 small-12 large-4\"  >\n\t\t\t\t<div class=\"col-inner\" style=\"background-color:rgb(71, 183, 192);\" >\n\t\t\t\n\t\t\t\n[contact-form-7 id=&#8221;12&#8243;]\n\t\t<\/div>\n\t\t\t\t\n<style>\n#col-1684188625 > .col-inner {\n  padding: 15px 15px 15px 15px;\n}\n<\/style>\n\t<\/div>\n\n\t\n\n\t<div id=\"col-1251359176\" class=\"col small-12 large-12\"  >\n\t\t\t\t<div class=\"col-inner\"  >\n\t\t\t\n\t\t\t\n<p><iframe src=\"https:\/\/www.google.com\/maps\/embed?pb=!1m18!1m12!1m3!1d3832.972768506317!2d108.21435972688046!3d16.085931507681885!2m3!1f0!2f0!3f0!3m2!1i1024!2i768!4f13.1!3m3!1m2!1s0x31421839a7dbc5fb%3A0xce32181e96b49143!2zQ8O0bmcgVHkgVE5ISCBUcnV54buBbiBUaMO0bmcsIFPhu7EgS2nhu4duICYgRHUgTOG7i2NoIEh1eeG7gW4gVGhv4bqhaSBWaeG7h3Q!5e0!3m2!1svi!2s!4v1677637277801!5m2!1svi!2s\" width=\"100%\" height=\"450\" style=\"border:0;\" allowfullscreen=\"\" loading=\"lazy\" referrerpolicy=\"no-referrer-when-downgrade\"><\/iframe><\/p>\n\t\t<\/div>\n\t\t\t\t\t<\/div>\n\n\t\n<\/div>\n\t\t<\/div>\n\t\t\t\t\n<style>\n#col-1620493858 > .col-inner {\n  padding: 30px 30px 0px 30px;\n  margin: 0px 0px 30px 0px;\n}\n<\/style>\n\t<\/div>\n\n\t\n<\/div>\n\t\t<\/div>\n\n\t\t\n<style>\n#section_1693023428 {\n  padding-top: 140px;\n  padding-bottom: 140px;\n}\n#section_1693023428 .section-bg-overlay {\n  background-color: rgba(255, 255, 255, 0.372);\n}\n#section_1693023428 .section-bg img {\n  object-position: 0% 0%;\n}\n@media (min-width:550px) {\n  #section_1693023428 {\n    padding-top: 50px;\n    padding-bottom: 50px;\n  }\n}\n<\/style>\n\t<\/section>\n\t\n","protected":false},"excerpt":{"rendered":"","protected":false},"author":6,"featured_media":1923,"parent":0,"menu_order":0,"comment_status":"closed","ping_status":"closed","template":"page-blank.php","meta":{"footnotes":""},"class_list":["post-295","page","type-page","status-publish","has-post-thumbnail","hentry"],"yoast_head":"<!-- This site is optimized with the Yoast SEO plugin v24.7 - https:\/\/yoast.com\/wordpress\/plugins\/seo\/ -->\n<title>Li\u00ean h\u1ec7 - Team Building Danang | \u0110\u1ea3m b\u1ea3o uy t\u00edn ch\u1ea5t l\u01b0\u1ee3ng<\/title>\n<meta name=\"description\" content=\"C\u00f4ng ty TNHH Truy\u1ec1n th\u00f4ng, S\u1ef1 ki\u1ec7n v\u00e0 Du l\u1ecbch Huy\u1ec1n Tho\u1ea1i Vi\u1ec7t l\u00e0 \u0111\u01a1n v\u1ecb chuy\u00ean s\u1ea3n xu\u1ea5t c\u00e1c lo\u1ea1i h\u00ecnh Team Building ph\u00f9 h\u1ee3p v\u1edbi nhi\u1ec1u \u0111\u1ed1i t\u01b0\u1ee3ng kh\u00e1ch h\u00e0ng.\" \/>\n<meta name=\"robots\" content=\"index, follow, max-snippet:-1, max-image-preview:large, max-video-preview:-1\" \/>\n<link rel=\"canonical\" href=\"https:\/\/teambuildingdanang.com\/en\/lien-he\" \/>\n<meta property=\"og:locale\" content=\"vi_VN\" \/>\n<meta property=\"og:type\" content=\"article\" \/>\n<meta property=\"og:title\" content=\"Li\u00ean h\u1ec7 - Team Building Danang | \u0110\u1ea3m b\u1ea3o uy t\u00edn ch\u1ea5t l\u01b0\u1ee3ng\" \/>\n<meta property=\"og:description\" content=\"C\u00f4ng ty TNHH Truy\u1ec1n th\u00f4ng, S\u1ef1 ki\u1ec7n v\u00e0 Du l\u1ecbch Huy\u1ec1n Tho\u1ea1i Vi\u1ec7t l\u00e0 \u0111\u01a1n v\u1ecb chuy\u00ean s\u1ea3n xu\u1ea5t c\u00e1c lo\u1ea1i h\u00ecnh Team Building ph\u00f9 h\u1ee3p v\u1edbi nhi\u1ec1u \u0111\u1ed1i t\u01b0\u1ee3ng kh\u00e1ch h\u00e0ng.\" \/>\n<meta property=\"og:url\" content=\"https:\/\/teambuildingdanang.com\/en\/lien-he\" \/>\n<meta property=\"og:site_name\" content=\"Team Building Danang\" \/>\n<meta property=\"article:modified_time\" content=\"2023-04-04T01:18:38+00:00\" \/>\n<meta property=\"og:image\" content=\"https:\/\/teambuildingdanang.com\/en\/wp-content\/uploads\/2023\/04\/image_2023-04-03_081131611-1200x800.png\" \/>\n\t<meta property=\"og:image:width\" content=\"1200\" \/>\n\t<meta property=\"og:image:height\" content=\"800\" \/>\n\t<meta property=\"og:image:type\" content=\"image\/png\" \/>\n<meta name=\"twitter:card\" content=\"summary_large_image\" \/>\n<meta name=\"twitter:label1\" content=\"\u01af\u1edbc t\u00ednh th\u1eddi gian \u0111\u1ecdc\" \/>\n\t<meta name=\"twitter:data1\" content=\"1 ph\u00fat\" \/>\n<script type=\"application\/ld+json\" class=\"yoast-schema-graph\">{\"@context\":\"https:\/\/schema.org\",\"@graph\":[{\"@type\":\"WebPage\",\"@id\":\"https:\/\/teambuildingdanang.com\/en\/lien-he\",\"url\":\"https:\/\/teambuildingdanang.com\/en\/lien-he\",\"name\":\"Li\u00ean h\u1ec7 - Team Building Danang | \u0110\u1ea3m b\u1ea3o uy t\u00edn ch\u1ea5t l\u01b0\u1ee3ng\",\"isPartOf\":{\"@id\":\"https:\/\/teambuildingdanang.com\/en\/#website\"},\"primaryImageOfPage\":{\"@id\":\"https:\/\/teambuildingdanang.com\/en\/lien-he#primaryimage\"},\"image\":{\"@id\":\"https:\/\/teambuildingdanang.com\/en\/lien-he#primaryimage\"},\"thumbnailUrl\":\"https:\/\/teambuildingdanang.com\/en\/wp-content\/uploads\/2023\/04\/image_2023-04-03_081131611.png\",\"datePublished\":\"2020-11-10T04:25:42+00:00\",\"dateModified\":\"2023-04-04T01:18:38+00:00\",\"description\":\"C\u00f4ng ty TNHH Truy\u1ec1n th\u00f4ng, S\u1ef1 ki\u1ec7n v\u00e0 Du l\u1ecbch Huy\u1ec1n Tho\u1ea1i Vi\u1ec7t l\u00e0 \u0111\u01a1n v\u1ecb chuy\u00ean s\u1ea3n xu\u1ea5t c\u00e1c lo\u1ea1i h\u00ecnh Team Building ph\u00f9 h\u1ee3p v\u1edbi nhi\u1ec1u \u0111\u1ed1i t\u01b0\u1ee3ng kh\u00e1ch h\u00e0ng.\",\"breadcrumb\":{\"@id\":\"https:\/\/teambuildingdanang.com\/en\/lien-he#breadcrumb\"},\"inLanguage\":\"vi\",\"potentialAction\":[{\"@type\":\"ReadAction\",\"target\":[\"https:\/\/teambuildingdanang.com\/en\/lien-he\"]}]},{\"@type\":\"ImageObject\",\"inLanguage\":\"vi\",\"@id\":\"https:\/\/teambuildingdanang.com\/en\/lien-he#primaryimage\",\"url\":\"https:\/\/teambuildingdanang.com\/en\/wp-content\/uploads\/2023\/04\/image_2023-04-03_081131611.png\",\"contentUrl\":\"https:\/\/teambuildingdanang.com\/en\/wp-content\/uploads\/2023\/04\/image_2023-04-03_081131611.png\",\"width\":4000,\"height\":2667},{\"@type\":\"BreadcrumbList\",\"@id\":\"https:\/\/teambuildingdanang.com\/en\/lien-he#breadcrumb\",\"itemListElement\":[{\"@type\":\"ListItem\",\"position\":1,\"name\":\"Home\",\"item\":\"https:\/\/teambuildingdanang.com\/en\/\"},{\"@type\":\"ListItem\",\"position\":2,\"name\":\"Li\u00ean h\u1ec7\"}]},{\"@type\":\"WebSite\",\"@id\":\"https:\/\/teambuildingdanang.com\/en\/#website\",\"url\":\"https:\/\/teambuildingdanang.com\/en\/\",\"name\":\"Team Building Danang\",\"description\":\"C\u00f4ng ty TNHH Truy\u1ec1n th\u00f4ng, S\u1ef1 ki\u1ec7n v\u00e0 Du l\u1ecbch Huy\u1ec1n Tho\u1ea1i Vi\u1ec7t\",\"potentialAction\":[{\"@type\":\"SearchAction\",\"target\":{\"@type\":\"EntryPoint\",\"urlTemplate\":\"https:\/\/teambuildingdanang.com\/en\/?s={search_term_string}\"},\"query-input\":{\"@type\":\"PropertyValueSpecification\",\"valueRequired\":true,\"valueName\":\"search_term_string\"}}],\"inLanguage\":\"vi\"}]}<\/script>\n<!-- \/ Yoast SEO plugin. -->","yoast_head_json":{"title":"Li\u00ean h\u1ec7 - Team Building Danang | \u0110\u1ea3m b\u1ea3o uy t\u00edn ch\u1ea5t l\u01b0\u1ee3ng","description":"C\u00f4ng ty TNHH Truy\u1ec1n th\u00f4ng, S\u1ef1 ki\u1ec7n v\u00e0 Du l\u1ecbch Huy\u1ec1n Tho\u1ea1i Vi\u1ec7t l\u00e0 \u0111\u01a1n v\u1ecb chuy\u00ean s\u1ea3n xu\u1ea5t c\u00e1c lo\u1ea1i h\u00ecnh Team Building ph\u00f9 h\u1ee3p v\u1edbi nhi\u1ec1u \u0111\u1ed1i t\u01b0\u1ee3ng kh\u00e1ch h\u00e0ng.","robots":{"index":"index","follow":"follow","max-snippet":"max-snippet:-1","max-image-preview":"max-image-preview:large","max-video-preview":"max-video-preview:-1"},"canonical":"https:\/\/teambuildingdanang.com\/en\/lien-he","og_locale":"vi_VN","og_type":"article","og_title":"Li\u00ean h\u1ec7 - Team Building Danang | \u0110\u1ea3m b\u1ea3o uy t\u00edn ch\u1ea5t l\u01b0\u1ee3ng","og_description":"C\u00f4ng ty TNHH Truy\u1ec1n th\u00f4ng, S\u1ef1 ki\u1ec7n v\u00e0 Du l\u1ecbch Huy\u1ec1n Tho\u1ea1i Vi\u1ec7t l\u00e0 \u0111\u01a1n v\u1ecb chuy\u00ean s\u1ea3n xu\u1ea5t c\u00e1c lo\u1ea1i h\u00ecnh Team Building ph\u00f9 h\u1ee3p v\u1edbi nhi\u1ec1u \u0111\u1ed1i t\u01b0\u1ee3ng kh\u00e1ch h\u00e0ng.","og_url":"https:\/\/teambuildingdanang.com\/en\/lien-he","og_site_name":"Team Building Danang","article_modified_time":"2023-04-04T01:18:38+00:00","og_image":[{"width":1200,"height":800,"url":"https:\/\/teambuildingdanang.com\/en\/wp-content\/uploads\/2023\/04\/image_2023-04-03_081131611-1200x800.png","type":"image\/png"}],"twitter_card":"summary_large_image","twitter_misc":{"\u01af\u1edbc t\u00ednh th\u1eddi gian \u0111\u1ecdc":"1 ph\u00fat"},"schema":{"@context":"https:\/\/schema.org","@graph":[{"@type":"WebPage","@id":"https:\/\/teambuildingdanang.com\/en\/lien-he","url":"https:\/\/teambuildingdanang.com\/en\/lien-he","name":"Li\u00ean h\u1ec7 - Team Building Danang | \u0110\u1ea3m b\u1ea3o uy t\u00edn ch\u1ea5t l\u01b0\u1ee3ng","isPartOf":{"@id":"https:\/\/teambuildingdanang.com\/en\/#website"},"primaryImageOfPage":{"@id":"https:\/\/teambuildingdanang.com\/en\/lien-he#primaryimage"},"image":{"@id":"https:\/\/teambuildingdanang.com\/en\/lien-he#primaryimage"},"thumbnailUrl":"https:\/\/teambuildingdanang.com\/en\/wp-content\/uploads\/2023\/04\/image_2023-04-03_081131611.png","datePublished":"2020-11-10T04:25:42+00:00","dateModified":"2023-04-04T01:18:38+00:00","description":"C\u00f4ng ty TNHH Truy\u1ec1n th\u00f4ng, S\u1ef1 ki\u1ec7n v\u00e0 Du l\u1ecbch Huy\u1ec1n Tho\u1ea1i Vi\u1ec7t l\u00e0 \u0111\u01a1n v\u1ecb chuy\u00ean s\u1ea3n xu\u1ea5t c\u00e1c lo\u1ea1i h\u00ecnh Team Building ph\u00f9 h\u1ee3p v\u1edbi nhi\u1ec1u \u0111\u1ed1i t\u01b0\u1ee3ng kh\u00e1ch h\u00e0ng.","breadcrumb":{"@id":"https:\/\/teambuildingdanang.com\/en\/lien-he#breadcrumb"},"inLanguage":"vi","potentialAction":[{"@type":"ReadAction","target":["https:\/\/teambuildingdanang.com\/en\/lien-he"]}]},{"@type":"ImageObject","inLanguage":"vi","@id":"https:\/\/teambuildingdanang.com\/en\/lien-he#primaryimage","url":"https:\/\/teambuildingdanang.com\/en\/wp-content\/uploads\/2023\/04\/image_2023-04-03_081131611.png","contentUrl":"https:\/\/teambuildingdanang.com\/en\/wp-content\/uploads\/2023\/04\/image_2023-04-03_081131611.png","width":4000,"height":2667},{"@type":"BreadcrumbList","@id":"https:\/\/teambuildingdanang.com\/en\/lien-he#breadcrumb","itemListElement":[{"@type":"ListItem","position":1,"name":"Home","item":"https:\/\/teambuildingdanang.com\/en\/"},{"@type":"ListItem","position":2,"name":"Li\u00ean h\u1ec7"}]},{"@type":"WebSite","@id":"https:\/\/teambuildingdanang.com\/en\/#website","url":"https:\/\/teambuildingdanang.com\/en\/","name":"Team Building Danang","description":"C\u00f4ng ty TNHH Truy\u1ec1n th\u00f4ng, S\u1ef1 ki\u1ec7n v\u00e0 Du l\u1ecbch Huy\u1ec1n Tho\u1ea1i Vi\u1ec7t","potentialAction":[{"@type":"SearchAction","target":{"@type":"EntryPoint","urlTemplate":"https:\/\/teambuildingdanang.com\/en\/?s={search_term_string}"},"query-input":{"@type":"PropertyValueSpecification","valueRequired":true,"valueName":"search_term_string"}}],"inLanguage":"vi"}]}},"_links":{"self":[{"href":"https:\/\/teambuildingdanang.com\/en\/wp-json\/wp\/v2\/pages\/295","targetHints":{"allow":["GET"]}}],"collection":[{"href":"https:\/\/teambuildingdanang.com\/en\/wp-json\/wp\/v2\/pages"}],"about":[{"href":"https:\/\/teambuildingdanang.com\/en\/wp-json\/wp\/v2\/types\/page"}],"author":[{"embeddable":true,"href":"https:\/\/teambuildingdanang.com\/en\/wp-json\/wp\/v2\/users\/6"}],"replies":[{"embeddable":true,"href":"https:\/\/teambuildingdanang.com\/en\/wp-json\/wp\/v2\/comments?post=295"}],"version-history":[{"count":15,"href":"https:\/\/teambuildingdanang.com\/en\/wp-json\/wp\/v2\/pages\/295\/revisions"}],"predecessor-version":[{"id":1863,"href":"https:\/\/teambuildingdanang.com\/en\/wp-json\/wp\/v2\/pages\/295\/revisions\/1863"}],"wp:featuredmedia":[{"embeddable":true,"href":"https:\/\/teambuildingdanang.com\/en\/wp-json\/wp\/v2\/media\/1923"}],"wp:attachment":[{"href":"https:\/\/teambuildingdanang.com\/en\/wp-json\/wp\/v2\/media?parent=295"}],"curies":[{"name":"wp","href":"https:\/\/api.w.org\/{rel}","templated":true}]}}