{"id":297,"date":"2020-11-10T04:25:42","date_gmt":"2020-11-10T04:25:42","guid":{"rendered":"http:\/\/localhost:8888\/phanvietphat\/?page_id=297"},"modified":"2023-04-04T08:18:44","modified_gmt":"2023-04-04T01:18:44","slug":"gioi-thieu","status":"publish","type":"page","link":"https:\/\/teambuildingdanang.com\/en\/gioi-thieu","title":{"rendered":"Gi\u1edbi thi\u1ec7u"},"content":{"rendered":"<div class=\"slider-wrapper relative\" id=\"slider-906568345\" >\n    <div class=\"slider slider-type-fade slider-nav-simple slider-nav-normal slider-nav-light slider-style-normal\"\n        data-flickity-options='{\n            \"cellAlign\": \"center\",\n            \"imagesLoaded\": true,\n            \"lazyLoad\": 1,\n            \"freeScroll\": false,\n            \"wrapAround\": true,\n            \"autoPlay\": 3000,\n            \"pauseAutoPlayOnHover\" : true,\n            \"prevNextButtons\": true,\n            \"contain\" : true,\n            \"adaptiveHeight\" : true,\n            \"dragThreshold\" : 10,\n            \"percentPosition\": true,\n            \"pageDots\": true,\n            \"rightToLeft\": false,\n            \"draggable\": true,\n            \"selectedAttraction\": 0.1,\n            \"parallax\" : 0,\n            \"friction\": 0.6        }'\n        >\n        \n\n  <div class=\"banner has-hover has-video\" id=\"banner-1886109050\">\n          <div class=\"banner-inner fill\">\n        <div class=\"banner-bg fill\" >\n                        \t<div class=\"video-overlay no-click fill visible\"><\/div>\n\t<video class=\"video-bg fill visible\" preload playsinline autoplay muted loop>\n\t\t<source src=\"https:\/\/huyenthoaiviet.com\/wp-content\/uploads\/2023\/03\/Birthday-2023.mp4\" type=\"video\/mp4\">\t<\/video>\n                        \n                    <\/div>\n\t\t\n        <div class=\"banner-layers container\">\n            <div class=\"fill banner-link\"><\/div>            \n        <\/div>\n      <\/div>\n\n            \n<style>\n#banner-1886109050 {\n  padding-top: 40%;\n}\n<\/style>\n  <\/div>\n\n\n     <\/div>\n\n     <div class=\"loading-spin dark large centered\"><\/div>\n\n\t<\/div>\n\n\n\n\t<section class=\"section\" id=\"section_2089808860\">\n\t\t<div class=\"section-bg fill\" >\n\t\t\t<img loading=\"lazy\" decoding=\"async\" width=\"1436\" height=\"959\" src=\"https:\/\/teambuildingdanang.com\/en\/wp-content\/uploads\/2023\/02\/image_2023-02-24_133104477.png\" class=\"bg attachment- size-\" alt=\"\" \/>\t\t\t\t\t\t\n\t\t\t\n\n\t\t<\/div>\n\n\t\t\n\n\t\t<div class=\"section-content relative\">\n\t\t\t\n<div class=\"row align-center\"  id=\"row-1081276001\">\n\n\t<div id=\"col-1116331157\" class=\"col small-12 large-12\"  >\n\t\t\t\t<div class=\"col-inner\" style=\"background-color:rgb(255, 255, 255);\" >\n\t\t\t\n\t\t\t\n<p><b>C\u00f4ng ty TNHH Truy\u1ec1n th\u00f4ng, S\u1ef1 ki\u1ec7n v\u00e0 Du l\u1ecbch Huy\u1ec1n Tho\u1ea1i Vi\u1ec7t (VIET LEGEND) <\/b><span style=\"font-weight: 400;\">l\u00e0 \u0111\u01a1n v\u1ecb chuy\u00ean cung c\u1ea5p c\u00e1c <\/span><b><i>gi\u1ea3i ph\u00e1p MICE v\u00e0 s\u1ea3n xu\u1ea5t Event<\/i><\/b> <b><i>chuy\u00ean nghi\u1ec7p<\/i><\/b><span style=\"font-weight: 400;\">. \u0110\u01b0\u1ee3c th\u00e0nh l\u1eadp t\u1eeb n\u0103m 2010, VIET LEGEND \u0111\u1ebfn nay ho\u00e0n to\u00e0n t\u1ef1 tin v\u00e0o kh\u1ea3 n\u0103ng c\u1ee7a m\u00ecnh trong vi\u1ec7c t\u1ea1o ra gi\u00e1 tr\u1ecb tuy\u1ec7t v\u1eddi nh\u1ea5t, gi\u00fap qu\u00fd kh\u00e1ch h\u00e0ng c\u00f3 nh\u1eefng ph\u00fat gi\u00e2y tr\u1ea3i nghi\u1ec7m \u0111\u00e1ng nh\u1edb.<\/span><\/p>\n<p><span style=\"font-weight: 400;\">\u1ede th\u1eddi \u0111\u1ea1i m\u00e0 nhu c\u1ea7u v\u00e0 m\u1ee9c s\u1ed1ng ng\u00e0y c\u00e0ng \u0111\u01b0\u1ee3c n\u00e2ng cao, tr\u1ea3i nghi\u1ec7m v\u00e0 c\u1ea3m x\u00fac c\u1ee7a con ng\u01b0\u1eddi l\u1ea1i c\u00e0ng \u0111\u01b0\u1ee3c ch\u00fa tr\u1ecdng h\u01a1n bao gi\u1edd h\u1ebft. M\u1ed7i \u201c\u0111\u1ee9a con tinh th\u1ea7n\u201d c\u1ee7a ch\u00fang t\u00f4i \u0111\u01b0\u1ee3c t\u1ea1o ra t\u1eeb \u0111\u1ed9i ng\u0169 nh\u00e2n vi\u00ean n\u0103ng \u0111\u1ed9ng, nhi\u1ec7t huy\u1ebft v\u00e0 kh\u00f4ng ng\u1eebng s\u00e1ng t\u1ea1o nh\u1eb1m mang \u0111\u1ebfn cho kh\u00e1ch h\u00e0ng nh\u1eefng gi\u00e1 tr\u1ecb, c\u1ea3m x\u00fac ch\u00e2n th\u1eadt nh\u1ea5t.<\/span><\/p>\n<h1><strong>S\u1ee9 m\u1ec7nh<\/strong><\/h1>\n<p><span style=\"font-weight: 400;\">L\u1ea5y y\u1ebfu t\u1ed1 chuy\u00ean m\u00f4n l\u00e0m n\u1ec1n t\u1ea3ng, l\u1ea5y gi\u00e1 tr\u1ecb ngh\u1ec7 thu\u1eadt l\u00e0m c\u1ed1t l\u00f5i, VIET LEGEND \u0111\u01b0\u1ee3c khai sinh \u0111\u1ec3 ho\u00e0n th\u00e0nh s\u1ee9 m\u1ec7nh n\u00e2ng t\u1ea7m lo\u1ea1i h\u00ecnh du l\u1ecbch <\/span><b><i>MICE v\u00e0 Event chuy\u00ean nghi\u1ec7p<\/i><\/b><span style=\"font-weight: 400;\"> \u1edf mi\u1ec1n Trung n\u00f3i ri\u00eang v\u00e0 tr\u00ean kh\u1eafp Vi\u1ec7t Nam n\u00f3i chung. S\u00e1ng t\u1ea1o d\u1ef1a tr\u00ean c\u01a1 s\u1edf nghi\u00ean c\u1ee9u v\u00e0 th\u1ea5u hi\u1ec3u, ch\u00fang t\u00f4i khao kh\u00e1t th\u1ed5i nh\u1eefng l\u00e0n gi\u00f3 m\u1edbi th\u00f4ng qua c\u00e1c s\u1ea3n ph\u1ea9m ch\u1ea5t l\u01b0\u1ee3ng, \u0111\u01b0\u1ee3c \u0111\u1ea7u t\u01b0 nghi\u00eam t\u00fac v\u00e0 k\u1ef9 l\u01b0\u1ee1ng t\u1eeb kh\u00e2u \u00fd t\u01b0\u1edfng \u0111\u1ebfn kh\u00e2u t\u1ed5 ch\u1ee9c.<\/span><\/p>\n<h1><strong>Gi\u00e1 tr\u1ecb c\u1ed1t l\u00f5i<\/strong><\/h1>\n<p><b>* Kinh nghi\u1ec7m: <\/b><span style=\"font-weight: 400;\">L\u00e0 \u0111\u01a1n v\u1ecb cung c\u1ea5p gi\u1ea3i ph\u00e1p M.I.C.E v\u00e0 t\u1ed5 ch\u1ee9c S\u1ef1 ki\u1ec7n chuy\u00ean nghi\u1ec7p v\u1edbi h\u01a1n 13 n\u0103m kinh nghi\u1ec7m, VIET LEGEND t\u1ef1 tin c\u00f3 th\u1ec3 mang l\u1ea1i nh\u1eefng gi\u00e1 tr\u1ecb t\u1ed1t nh\u1ea5t cho kh\u00e1ch h\u00e0ng.<\/span><\/p>\n<p><b>* Th\u1ea5u hi\u1ec3u<\/b><span style=\"font-weight: 400;\">: L\u1eafng nghe \u0111\u1ec3 n\u1eafm b\u1eaft, nghi\u00ean c\u1ee9u \u0111\u1ec3 th\u1ea5u c\u1ea3m, t\u1eeb \u0111\u00f3 gi\u00fap kh\u00e1ch h\u00e0ng k\u1ec3 c\u00e2u chuy\u1ec7n c\u1ee7a ch\u00ednh m\u00ecnh m\u1ed9t c\u00e1ch ch\u00ednh x\u00e1c v\u00e0 \u0111\u1ed9c \u0111\u00e1o nh\u1ea5t.<\/span><\/p>\n<p><b>* S\u00e1ng t\u1ea1o<\/b><span style=\"font-weight: 400;\">: M\u1ed7i s\u1ea3n ph\u1ea9m, m\u1ed7i d\u1ef1 \u00e1n l\u00e0 m\u1ed9t c\u00e2u chuy\u1ec7n, m\u1ed9t g\u00f3c nh\u00ecn ri\u00eang bi\u1ec7t, l\u00e0m n\u1ed5i b\u1eadt ch\u1ea5t ri\u00eang c\u0169ng nh\u01b0 v\u0103n h\u00f3a doanh nghi\u1ec7p.<\/span><\/p>\n<p><b>* Chuy\u00ean nghi\u1ec7p<\/b><span style=\"font-weight: 400;\">: V\u1edbi \u0111\u1ed9i ng\u0169 nh\u00e2n l\u1ef1c chuy\u00ean m\u00f4n cao \u0111\u1ea7y nhi\u1ec7t huy\u1ebft, m\u1ed7i d\u1ef1 \u00e1n \u0111\u01b0\u1ee3c l\u00ean k\u1ebf ho\u1ea1ch b\u00e0i b\u1ea3n v\u00e0 \u0111\u01b0\u1ee3c ch\u0103m ch\u00fat k\u1ef9 l\u01b0\u1ee1ng \u0111\u1ebfn t\u1eebng chi ti\u1ebft.<\/span><\/p>\n<p><span style=\"font-weight: 400;\">Ch\u00fang t\u00f4i quan ni\u1ec7m, m\u1ed7i d\u1ef1 \u00e1n, m\u1ed7i s\u1ea3n ph\u1ea9m \u0111\u1ec1u l\u00e0 s\u1ef1 tin t\u01b0\u1edfng, s\u1ef1 t\u00edn nhi\u1ec7m c\u1ee7a qu\u00fd kh\u00e1ch h\u00e0ng g\u1eedi g\u1eafm \u1edf VIET LEGEND. \u0110\u00f3 l\u00e0 t\u00e0i s\u1ea3n v\u00f4 gi\u00e1, t\u1ea1o \u0111\u1ed9ng l\u1ef1c \u0111\u1ec3 ch\u00fang t\u00f4i ph\u00e1t tri\u1ec3n m\u1ed7i ng\u00e0y. Hi\u1ec3u \u0111\u01b0\u1ee3c \u00fd ngh\u0129a c\u1ee7a ni\u1ec1m tin, ch\u00fang t\u00f4i lu\u00f4n theo \u0111u\u1ed5i m\u1ed9t tri\u1ebft l\u00fd: <\/span><b>TR\u00c2N TR\u1eccNG<\/b><span style=\"font-weight: 400;\"> v\u00e0 <\/span><b>H\u1ebeT M\u00ccNH<\/b><span style=\"font-weight: 400;\"> trong t\u1eebng h\u1ea1ng m\u1ee5c nh\u1eb1m mang l\u1ea1i th\u00e0nh qu\u1ea3 t\u1ed1t nh\u1ea5t cho kh\u00e1ch h\u00e0ng.<\/span><\/p>\n<p><i><span style=\"font-weight: 400;\">Kh\u00f4ng \u0111\u01a1n thu\u1ea7n cung c\u1ea5p d\u1ecbch v\u1ee5, \u1edf \u0111\u00e2y ch\u00fang t\u00f4i c\u00f2n trao tr\u1ea3i nghi\u1ec7m.<\/span><\/i><\/p>\n<p><b>C\u00d4NG TY TNHH TRUY\u1ec0N TH\u00d4NG, S\u1ef0 KI\u1ec6N\u00a0 &amp; DU L\u1ecaCH HUY\u1ec0N THO\u1ea0I VI\u1ec6T<\/b><\/p>\n<p><b>NH\u00c0 S\u00c1NG L\u1eacP &amp; GI\u00c1M \u0110\u1ed0C<\/b><\/p>\n<p><b>L\u00ca LONG PHI<\/b><\/p>\n\t\t<\/div>\n\t\t\t\t\n<style>\n#col-1116331157 > .col-inner {\n  padding: 10px 10px 10px 10px;\n}\n<\/style>\n\t<\/div>\n\n\t\n<\/div>\n\t\t<\/div>\n\n\t\t\n<style>\n#section_2089808860 {\n  padding-top: 30px;\n  padding-bottom: 30px;\n}\n<\/style>\n\t<\/section>\n\t\n","protected":false},"excerpt":{"rendered":"","protected":false},"author":6,"featured_media":1923,"parent":0,"menu_order":0,"comment_status":"closed","ping_status":"closed","template":"page-blank.php","meta":{"footnotes":""},"class_list":["post-297","page","type-page","status-publish","has-post-thumbnail","hentry"],"yoast_head":"<!-- This site is optimized with the Yoast SEO plugin v24.7 - https:\/\/yoast.com\/wordpress\/plugins\/seo\/ -->\n<title>Gi\u1edbi thi\u1ec7u - Team Building Danang | \u0110\u1ea3m b\u1ea3o uy t\u00edn ch\u1ea5t l\u01b0\u1ee3ng<\/title>\n<meta name=\"description\" content=\"C\u00f4ng ty TNHH Truy\u1ec1n th\u00f4ng, S\u1ef1 ki\u1ec7n v\u00e0 Du l\u1ecbch Huy\u1ec1n Tho\u1ea1i Vi\u1ec7t l\u00e0 \u0111\u01a1n v\u1ecb chuy\u00ean s\u1ea3n xu\u1ea5t c\u00e1c lo\u1ea1i h\u00ecnh Team Building ph\u00f9 h\u1ee3p v\u1edbi nhi\u1ec1u \u0111\u1ed1i t\u01b0\u1ee3ng kh\u00e1ch h\u00e0ng.\" \/>\n<meta name=\"robots\" content=\"index, follow, max-snippet:-1, max-image-preview:large, max-video-preview:-1\" \/>\n<link rel=\"canonical\" href=\"https:\/\/teambuildingdanang.com\/en\/gioi-thieu\" \/>\n<meta property=\"og:locale\" content=\"vi_VN\" \/>\n<meta property=\"og:type\" content=\"article\" \/>\n<meta property=\"og:title\" content=\"Gi\u1edbi thi\u1ec7u - Team Building Danang | \u0110\u1ea3m b\u1ea3o uy t\u00edn ch\u1ea5t l\u01b0\u1ee3ng\" \/>\n<meta property=\"og:description\" content=\"C\u00f4ng ty TNHH Truy\u1ec1n th\u00f4ng, S\u1ef1 ki\u1ec7n v\u00e0 Du l\u1ecbch Huy\u1ec1n Tho\u1ea1i Vi\u1ec7t l\u00e0 \u0111\u01a1n v\u1ecb chuy\u00ean s\u1ea3n xu\u1ea5t c\u00e1c lo\u1ea1i h\u00ecnh Team Building ph\u00f9 h\u1ee3p v\u1edbi nhi\u1ec1u \u0111\u1ed1i t\u01b0\u1ee3ng kh\u00e1ch h\u00e0ng.\" \/>\n<meta property=\"og:url\" content=\"https:\/\/teambuildingdanang.com\/en\/gioi-thieu\" \/>\n<meta property=\"og:site_name\" content=\"Team Building Danang\" \/>\n<meta property=\"article:modified_time\" content=\"2023-04-04T01:18:44+00:00\" \/>\n<meta property=\"og:image\" content=\"https:\/\/teambuildingdanang.com\/en\/wp-content\/uploads\/2023\/04\/image_2023-04-03_081131611-1200x800.png\" \/>\n\t<meta property=\"og:image:width\" content=\"1200\" \/>\n\t<meta property=\"og:image:height\" content=\"800\" \/>\n\t<meta property=\"og:image:type\" content=\"image\/png\" \/>\n<meta name=\"twitter:card\" content=\"summary_large_image\" \/>\n<meta name=\"twitter:label1\" content=\"\u01af\u1edbc t\u00ednh th\u1eddi gian \u0111\u1ecdc\" \/>\n\t<meta name=\"twitter:data1\" content=\"4 ph\u00fat\" \/>\n<script type=\"application\/ld+json\" class=\"yoast-schema-graph\">{\"@context\":\"https:\/\/schema.org\",\"@graph\":[{\"@type\":\"WebPage\",\"@id\":\"https:\/\/teambuildingdanang.com\/en\/gioi-thieu\",\"url\":\"https:\/\/teambuildingdanang.com\/en\/gioi-thieu\",\"name\":\"Gi\u1edbi thi\u1ec7u - Team Building Danang | \u0110\u1ea3m b\u1ea3o uy t\u00edn ch\u1ea5t l\u01b0\u1ee3ng\",\"isPartOf\":{\"@id\":\"https:\/\/teambuildingdanang.com\/en\/#website\"},\"primaryImageOfPage\":{\"@id\":\"https:\/\/teambuildingdanang.com\/en\/gioi-thieu#primaryimage\"},\"image\":{\"@id\":\"https:\/\/teambuildingdanang.com\/en\/gioi-thieu#primaryimage\"},\"thumbnailUrl\":\"https:\/\/teambuildingdanang.com\/en\/wp-content\/uploads\/2023\/04\/image_2023-04-03_081131611.png\",\"datePublished\":\"2020-11-10T04:25:42+00:00\",\"dateModified\":\"2023-04-04T01:18:44+00:00\",\"description\":\"C\u00f4ng ty TNHH Truy\u1ec1n th\u00f4ng, S\u1ef1 ki\u1ec7n v\u00e0 Du l\u1ecbch Huy\u1ec1n Tho\u1ea1i Vi\u1ec7t l\u00e0 \u0111\u01a1n v\u1ecb chuy\u00ean s\u1ea3n xu\u1ea5t c\u00e1c lo\u1ea1i h\u00ecnh Team Building ph\u00f9 h\u1ee3p v\u1edbi nhi\u1ec1u \u0111\u1ed1i t\u01b0\u1ee3ng kh\u00e1ch h\u00e0ng.\",\"breadcrumb\":{\"@id\":\"https:\/\/teambuildingdanang.com\/en\/gioi-thieu#breadcrumb\"},\"inLanguage\":\"vi\",\"potentialAction\":[{\"@type\":\"ReadAction\",\"target\":[\"https:\/\/teambuildingdanang.com\/en\/gioi-thieu\"]}]},{\"@type\":\"ImageObject\",\"inLanguage\":\"vi\",\"@id\":\"https:\/\/teambuildingdanang.com\/en\/gioi-thieu#primaryimage\",\"url\":\"https:\/\/teambuildingdanang.com\/en\/wp-content\/uploads\/2023\/04\/image_2023-04-03_081131611.png\",\"contentUrl\":\"https:\/\/teambuildingdanang.com\/en\/wp-content\/uploads\/2023\/04\/image_2023-04-03_081131611.png\",\"width\":4000,\"height\":2667},{\"@type\":\"BreadcrumbList\",\"@id\":\"https:\/\/teambuildingdanang.com\/en\/gioi-thieu#breadcrumb\",\"itemListElement\":[{\"@type\":\"ListItem\",\"position\":1,\"name\":\"Home\",\"item\":\"https:\/\/teambuildingdanang.com\/en\/\"},{\"@type\":\"ListItem\",\"position\":2,\"name\":\"Gi\u1edbi thi\u1ec7u\"}]},{\"@type\":\"WebSite\",\"@id\":\"https:\/\/teambuildingdanang.com\/en\/#website\",\"url\":\"https:\/\/teambuildingdanang.com\/en\/\",\"name\":\"Team Building Danang\",\"description\":\"C\u00f4ng ty TNHH Truy\u1ec1n th\u00f4ng, S\u1ef1 ki\u1ec7n v\u00e0 Du l\u1ecbch Huy\u1ec1n Tho\u1ea1i Vi\u1ec7t\",\"potentialAction\":[{\"@type\":\"SearchAction\",\"target\":{\"@type\":\"EntryPoint\",\"urlTemplate\":\"https:\/\/teambuildingdanang.com\/en\/?s={search_term_string}\"},\"query-input\":{\"@type\":\"PropertyValueSpecification\",\"valueRequired\":true,\"valueName\":\"search_term_string\"}}],\"inLanguage\":\"vi\"}]}<\/script>\n<!-- \/ Yoast SEO plugin. -->","yoast_head_json":{"title":"Gi\u1edbi thi\u1ec7u - Team Building Danang | \u0110\u1ea3m b\u1ea3o uy t\u00edn ch\u1ea5t l\u01b0\u1ee3ng","description":"C\u00f4ng ty TNHH Truy\u1ec1n th\u00f4ng, S\u1ef1 ki\u1ec7n v\u00e0 Du l\u1ecbch Huy\u1ec1n Tho\u1ea1i Vi\u1ec7t l\u00e0 \u0111\u01a1n v\u1ecb chuy\u00ean s\u1ea3n xu\u1ea5t c\u00e1c lo\u1ea1i h\u00ecnh Team Building ph\u00f9 h\u1ee3p v\u1edbi nhi\u1ec1u \u0111\u1ed1i t\u01b0\u1ee3ng kh\u00e1ch h\u00e0ng.","robots":{"index":"index","follow":"follow","max-snippet":"max-snippet:-1","max-image-preview":"max-image-preview:large","max-video-preview":"max-video-preview:-1"},"canonical":"https:\/\/teambuildingdanang.com\/en\/gioi-thieu","og_locale":"vi_VN","og_type":"article","og_title":"Gi\u1edbi thi\u1ec7u - Team Building Danang | \u0110\u1ea3m b\u1ea3o uy t\u00edn ch\u1ea5t l\u01b0\u1ee3ng","og_description":"C\u00f4ng ty TNHH Truy\u1ec1n th\u00f4ng, S\u1ef1 ki\u1ec7n v\u00e0 Du l\u1ecbch Huy\u1ec1n Tho\u1ea1i Vi\u1ec7t l\u00e0 \u0111\u01a1n v\u1ecb chuy\u00ean s\u1ea3n xu\u1ea5t c\u00e1c lo\u1ea1i h\u00ecnh Team Building ph\u00f9 h\u1ee3p v\u1edbi nhi\u1ec1u \u0111\u1ed1i t\u01b0\u1ee3ng kh\u00e1ch h\u00e0ng.","og_url":"https:\/\/teambuildingdanang.com\/en\/gioi-thieu","og_site_name":"Team Building Danang","article_modified_time":"2023-04-04T01:18:44+00:00","og_image":[{"width":1200,"height":800,"url":"https:\/\/teambuildingdanang.com\/en\/wp-content\/uploads\/2023\/04\/image_2023-04-03_081131611-1200x800.png","type":"image\/png"}],"twitter_card":"summary_large_image","twitter_misc":{"\u01af\u1edbc t\u00ednh th\u1eddi gian \u0111\u1ecdc":"4 ph\u00fat"},"schema":{"@context":"https:\/\/schema.org","@graph":[{"@type":"WebPage","@id":"https:\/\/teambuildingdanang.com\/en\/gioi-thieu","url":"https:\/\/teambuildingdanang.com\/en\/gioi-thieu","name":"Gi\u1edbi thi\u1ec7u - Team Building Danang | \u0110\u1ea3m b\u1ea3o uy t\u00edn ch\u1ea5t l\u01b0\u1ee3ng","isPartOf":{"@id":"https:\/\/teambuildingdanang.com\/en\/#website"},"primaryImageOfPage":{"@id":"https:\/\/teambuildingdanang.com\/en\/gioi-thieu#primaryimage"},"image":{"@id":"https:\/\/teambuildingdanang.com\/en\/gioi-thieu#primaryimage"},"thumbnailUrl":"https:\/\/teambuildingdanang.com\/en\/wp-content\/uploads\/2023\/04\/image_2023-04-03_081131611.png","datePublished":"2020-11-10T04:25:42+00:00","dateModified":"2023-04-04T01:18:44+00:00","description":"C\u00f4ng ty TNHH Truy\u1ec1n th\u00f4ng, S\u1ef1 ki\u1ec7n v\u00e0 Du l\u1ecbch Huy\u1ec1n Tho\u1ea1i Vi\u1ec7t l\u00e0 \u0111\u01a1n v\u1ecb chuy\u00ean s\u1ea3n xu\u1ea5t c\u00e1c lo\u1ea1i h\u00ecnh Team Building ph\u00f9 h\u1ee3p v\u1edbi nhi\u1ec1u \u0111\u1ed1i t\u01b0\u1ee3ng kh\u00e1ch h\u00e0ng.","breadcrumb":{"@id":"https:\/\/teambuildingdanang.com\/en\/gioi-thieu#breadcrumb"},"inLanguage":"vi","potentialAction":[{"@type":"ReadAction","target":["https:\/\/teambuildingdanang.com\/en\/gioi-thieu"]}]},{"@type":"ImageObject","inLanguage":"vi","@id":"https:\/\/teambuildingdanang.com\/en\/gioi-thieu#primaryimage","url":"https:\/\/teambuildingdanang.com\/en\/wp-content\/uploads\/2023\/04\/image_2023-04-03_081131611.png","contentUrl":"https:\/\/teambuildingdanang.com\/en\/wp-content\/uploads\/2023\/04\/image_2023-04-03_081131611.png","width":4000,"height":2667},{"@type":"BreadcrumbList","@id":"https:\/\/teambuildingdanang.com\/en\/gioi-thieu#breadcrumb","itemListElement":[{"@type":"ListItem","position":1,"name":"Home","item":"https:\/\/teambuildingdanang.com\/en\/"},{"@type":"ListItem","position":2,"name":"Gi\u1edbi thi\u1ec7u"}]},{"@type":"WebSite","@id":"https:\/\/teambuildingdanang.com\/en\/#website","url":"https:\/\/teambuildingdanang.com\/en\/","name":"Team Building Danang","description":"C\u00f4ng ty TNHH Truy\u1ec1n th\u00f4ng, S\u1ef1 ki\u1ec7n v\u00e0 Du l\u1ecbch Huy\u1ec1n Tho\u1ea1i Vi\u1ec7t","potentialAction":[{"@type":"SearchAction","target":{"@type":"EntryPoint","urlTemplate":"https:\/\/teambuildingdanang.com\/en\/?s={search_term_string}"},"query-input":{"@type":"PropertyValueSpecification","valueRequired":true,"valueName":"search_term_string"}}],"inLanguage":"vi"}]}},"_links":{"self":[{"href":"https:\/\/teambuildingdanang.com\/en\/wp-json\/wp\/v2\/pages\/297","targetHints":{"allow":["GET"]}}],"collection":[{"href":"https:\/\/teambuildingdanang.com\/en\/wp-json\/wp\/v2\/pages"}],"about":[{"href":"https:\/\/teambuildingdanang.com\/en\/wp-json\/wp\/v2\/types\/page"}],"author":[{"embeddable":true,"href":"https:\/\/teambuildingdanang.com\/en\/wp-json\/wp\/v2\/users\/6"}],"replies":[{"embeddable":true,"href":"https:\/\/teambuildingdanang.com\/en\/wp-json\/wp\/v2\/comments?post=297"}],"version-history":[{"count":23,"href":"https:\/\/teambuildingdanang.com\/en\/wp-json\/wp\/v2\/pages\/297\/revisions"}],"predecessor-version":[{"id":1883,"href":"https:\/\/teambuildingdanang.com\/en\/wp-json\/wp\/v2\/pages\/297\/revisions\/1883"}],"wp:featuredmedia":[{"embeddable":true,"href":"https:\/\/teambuildingdanang.com\/en\/wp-json\/wp\/v2\/media\/1923"}],"wp:attachment":[{"href":"https:\/\/teambuildingdanang.com\/en\/wp-json\/wp\/v2\/media?parent=297"}],"curies":[{"name":"wp","href":"https:\/\/api.w.org\/{rel}","templated":true}]}}